{"id":7,"date":"2025-11-14T19:09:05","date_gmt":"2025-11-15T00:09:05","guid":{"rendered":"https:\/\/www.cdamotoprado.com\/?page_id=7"},"modified":"2026-01-02T10:40:36","modified_gmt":"2026-01-02T15:40:36","slug":"home","status":"publish","type":"page","link":"https:\/\/www.cdamotoprado.com\/","title":{"rendered":"Home"},"content":{"rendered":"\n\n\t\t\t\t<img decoding=\"async\" src=\"https:\/\/www.cdamotoprado.com\/wp-content\/uploads\/2025\/11\/Fondo_1.jpg\" alt=\"CDA MOTO PRADO\" itemprop=\"image\" height=\"687\" width=\"1280\" title=\"CDA MOTO PRADO\" onerror=\"this.style.display='none'\" loading=\"lazy\" \/>\n<p><strong>SOMOS UN CENTRO DE DIAGN\u00d3STICO PARA MOTOS<\/strong><\/p>\n<p>ESPECIALIZADO<\/p>\n<hr \/>\n<h5>Adem\u00e1s de asegurarnos de que tu moto est\u00e9 en las mejores condiciones para conducir con seguridad en todo momento, te damos una sobresaliente experiencia en cada uno de nuestros servicios<\/h5>\n\t\t\t\t<img decoding=\"async\" src=\"https:\/\/www.cdamotoprado.com\/wp-content\/uploads\/2025\/11\/CDA.png\" alt=\"CDA\" itemprop=\"image\" height=\"525\" width=\"779\" title=\"CDA\" onerror=\"this.style.display='none'\" loading=\"lazy\" \/>\n\t<h5>CDA MOTO PRADO<\/h5>\n<p>Lunes a viernes: 8AM a 5PM. S\u00e1bados: 8AM a 4PM.<\/p>\n\t\t\t\t<img decoding=\"async\" src=\"https:\/\/www.cdamotoprado.com\/wp-content\/uploads\/2025\/11\/Revision.png\" alt=\"RTM Moto Prado\" itemprop=\"image\" height=\"1006\" width=\"1481\" title=\"RTM Moto Prado\" onerror=\"this.style.display='none'\" loading=\"lazy\" \/>\n\t<h5>REVISI\u00d3N T\u00c9CNICO MEC\u00c1NICA<\/h5>\n<p>Realizamos revisiones de motocicletas para garantizar su seguridad y cumplir con las regulaciones.<\/p>\n\t\t\t\t<img decoding=\"async\" src=\"https:\/\/www.cdamotoprado.com\/wp-content\/uploads\/2025\/11\/Sala.png\" alt=\"SALA CDA MOTO PRADO\" itemprop=\"image\" height=\"833\" width=\"1327\" title=\"SALA CDA MOTO PRADO\" onerror=\"this.style.display='none'\" loading=\"lazy\" \/>\n\t<h5><strong>SALA VIP<\/strong><\/h5>\n<p>Disfruta de la comodidad de nuestra sala \u00fanica en centros de diagn\u00f3stico para motos.<\/p>\n\t\t\t\t<img decoding=\"async\" src=\"https:\/\/www.cdamotoprado.com\/wp-content\/uploads\/2026\/01\/Cafeteria.png\" alt=\"Cafeteria Moto Prado\" itemprop=\"image\" height=\"831\" width=\"1241\" title=\"Cafeteria Moto Prado\" onerror=\"this.style.display='none'\" loading=\"lazy\" \/>\n\t<h5>REVISI\u00d3N T\u00c9CNICO MEC\u00c1NICA<\/h5>\n<p>Revisi\u00f3n tecno-mec\u00e1nica: $247.400<\/p>\n<p>Revisi\u00f3n preventiva: $25.000<\/p>\n\t\t\t<a href=\"https:\/\/www.cdamotoprado.com\/#CITAS\" target=\"_self\">\n\t\t\t\t\t\tAGENDA TU CITA\n\t\t\t\t\t<\/a>\n<p><!--StartFragment --><\/p>\n<h1>CDA MOTO PRADO<\/h1>\n<p>&nbsp;<\/p>\n<p>Somos el centro de diagn\u00f3stico especializado en motos que combina rapidez, confianza y comodidad. Contamos con la <strong>mejor sala de espera entre los CDA de Cali<\/strong>, pensada para que tu experiencia sea agradable mientras cuidamos de tu moto. Nuestra ubicaci\u00f3n estrat\u00e9gica y nuestro equipo experto hacen que tu revisi\u00f3n sea segura, eficiente y sin complicaciones.<\/p>\n\t<style>\n       .errordiv { padding:10px; margin:10px; border: 1px solid #555555;color: #000000;background-color: #f8f8f8; width:500px; }#advanced_iframe {visibility:visible;opacity:1;vertical-align:top;}.ai-info-bottom-iframe { position: fixed; z-index: 10000; bottom:0; left: 0; margin: 0px; text-align: center; width: 100%; background-color: #ff9999; padding-left: 5px;padding-bottom: 5px; border-top: 1px solid #aaa } a.ai-bold {font-weight: bold;}#ai-layer-div-advanced_iframe p {height:100%;margin:0;padding:0}<\/style><script type=\"text\/javascript\">var ai_iframe_width_advanced_iframe = 0;var ai_iframe_height_advanced_iframe = 0;var aiOnloadScrollTop=\"true\";var aiShowDebug=false;\n\t\tif (typeof aiReadyCallbacks === 'undefined') {\n\t\t\tvar aiReadyCallbacks = [];\n\t\t} else if (!(aiReadyCallbacks instanceof Array)) {\n\t\t\tvar aiReadyCallbacks = [];\n\t\t}    function aiShowIframeId(id_iframe) { jQuery(\"#\"+id_iframe).css(\"visibility\", \"visible\");    }    function aiResizeIframeHeight(height) { aiResizeIframeHeight(height,advanced_iframe); }    function aiResizeIframeHeightId(height,width,id) {aiResizeIframeHeightById(id,height);}<\/script><iframe id=\"advanced_iframe\"  name=\"advanced_iframe\"  src=\"https:\/\/www.cdamotoprado.com\/citas\"  width=\"100%\"  height=\"600\"  frameborder=\"0\"  border=\"0\"  allowtransparency=\"true\"  loading=\"lazy\"  style=\";border-width: 0px;;border: none;;width:100%;height:600px;\" ><\/iframe><script type=\"text\/javascript\">var ifrm_advanced_iframe = document.getElementById(\"advanced_iframe\");var hiddenTabsDoneadvanced_iframe = false;\nfunction resizeCallbackadvanced_iframe() {}<\/script><script type=\"text\/javascript\"><\/script>\n\t<iframe src=\"https:\/\/www.google.com\/maps\/embed?pb=!1m18!1m12!1m3!1d3982.644039888579!2d-76.51854882418688!3d3.4364920513173964!2m3!1f0!2f0!3f0!3m2!1i1024!2i768!4f13.1!3m3!1m2!1s0x8e30a7a861a0aca5%3A0x97184ba494835e63!2sCDA%20Moto%20prado!5e0!3m2!1ses-419!2sco!4v1762808364702!5m2!1ses-419!2sco\" width=\"100%\" height=\"600\" allowfullscreen=\"\" loading=\"lazy\" referrerpolicy=\"no-referrer-when-downgrade\"><\/iframe>\n\n","protected":false},"excerpt":{"rendered":"<p>SOMOS UN CENTRO DE DIAGN\u00d3STICO PARA MOTOS ESPECIALIZADO Adem\u00e1s de asegurarnos de que tu moto est\u00e9 en las mejores condiciones [&hellip;]<\/p>\n","protected":false},"author":1,"featured_media":0,"parent":0,"menu_order":0,"comment_status":"closed","ping_status":"closed","template":"","meta":{"site-sidebar-layout":"no-sidebar","site-content-layout":"plain-container","ast-site-content-layout":"default","site-content-style":"default","site-sidebar-style":"default","ast-global-header-display":"","ast-banner-title-visibility":"","ast-main-header-display":"","ast-hfb-above-header-display":"","ast-hfb-below-header-display":"","ast-hfb-mobile-header-display":"","site-post-title":"disabled","ast-breadcrumbs-content":"","ast-featured-img":"","footer-sml-layout":"","theme-transparent-header-meta":"enabled","adv-header-id-meta":"","stick-header-meta":"","header-above-stick-meta":"","header-main-stick-meta":"","header-below-stick-meta":"","astra-migrate-meta-layouts":"default","ast-page-background-enabled":"default","ast-page-background-meta":{"desktop":{"background-color":"var(--ast-global-color-5)","background-image":"","background-repeat":"repeat","background-position":"center center","background-size":"auto","background-attachment":"scroll","background-type":"","background-media":"","overlay-type":"","overlay-color":"","overlay-opacity":"","overlay-gradient":""},"tablet":{"background-color":"","background-image":"","background-repeat":"repeat","background-position":"center center","background-size":"auto","background-attachment":"scroll","background-type":"","background-media":"","overlay-type":"","overlay-color":"","overlay-opacity":"","overlay-gradient":""},"mobile":{"background-color":"","background-image":"","background-repeat":"repeat","background-position":"center center","background-size":"auto","background-attachment":"scroll","background-type":"","background-media":"","overlay-type":"","overlay-color":"","overlay-opacity":"","overlay-gradient":""}},"ast-content-background-meta":{"desktop":{"background-color":"var(--ast-global-color-4)","background-image":"","background-repeat":"repeat","background-position":"center center","background-size":"auto","background-attachment":"scroll","background-type":"","background-media":"","overlay-type":"","overlay-color":"","overlay-opacity":"","overlay-gradient":""},"tablet":{"background-color":"var(--ast-global-color-4)","background-image":"","background-repeat":"repeat","background-position":"center center","background-size":"auto","background-attachment":"scroll","background-type":"","background-media":"","overlay-type":"","overlay-color":"","overlay-opacity":"","overlay-gradient":""},"mobile":{"background-color":"var(--ast-global-color-4)","background-image":"","background-repeat":"repeat","background-position":"center center","background-size":"auto","background-attachment":"scroll","background-type":"","background-media":"","overlay-type":"","overlay-color":"","overlay-opacity":"","overlay-gradient":""}},"_joinchat":[],"footnotes":""},"class_list":["post-7","page","type-page","status-publish","hentry"],"_links":{"self":[{"href":"https:\/\/www.cdamotoprado.com\/index.php?rest_route=\/wp\/v2\/pages\/7","targetHints":{"allow":["GET"]}}],"collection":[{"href":"https:\/\/www.cdamotoprado.com\/index.php?rest_route=\/wp\/v2\/pages"}],"about":[{"href":"https:\/\/www.cdamotoprado.com\/index.php?rest_route=\/wp\/v2\/types\/page"}],"author":[{"embeddable":true,"href":"https:\/\/www.cdamotoprado.com\/index.php?rest_route=\/wp\/v2\/users\/1"}],"replies":[{"embeddable":true,"href":"https:\/\/www.cdamotoprado.com\/index.php?rest_route=%2Fwp%2Fv2%2Fcomments&post=7"}],"version-history":[{"count":11,"href":"https:\/\/www.cdamotoprado.com\/index.php?rest_route=\/wp\/v2\/pages\/7\/revisions"}],"predecessor-version":[{"id":109,"href":"https:\/\/www.cdamotoprado.com\/index.php?rest_route=\/wp\/v2\/pages\/7\/revisions\/109"}],"wp:attachment":[{"href":"https:\/\/www.cdamotoprado.com\/index.php?rest_route=%2Fwp%2Fv2%2Fmedia&parent=7"}],"curies":[{"name":"wp","href":"https:\/\/api.w.org\/{rel}","templated":true}]}}